{"id":2387,"date":"2024-12-09T16:09:30","date_gmt":"2024-12-09T15:09:30","guid":{"rendered":"https:\/\/retinastudio.art\/studio-team\/"},"modified":"2025-06-12T10:12:40","modified_gmt":"2025-06-12T08:12:40","slug":"studio-team","status":"publish","type":"page","link":"https:\/\/retinastudio.art\/es\/studio-team\/","title":{"rendered":"Studio Team"},"content":{"rendered":"\t\t<div data-elementor-type=\"wp-page\" data-elementor-id=\"2387\" class=\"elementor elementor-2387 elementor-2332\" data-elementor-post-type=\"page\">\n\t\t\t\t<div class=\"elementor-element elementor-element-23ebc83 e-con-full e-flex e-con e-parent\" data-id=\"23ebc83\" data-element_type=\"container\" data-e-type=\"container\" data-settings=\"{&quot;background_background&quot;:&quot;classic&quot;}\">\n\t\t<div class=\"elementor-element elementor-element-5ea84f0 e-con-full e-flex e-con e-child\" data-id=\"5ea84f0\" data-element_type=\"container\" data-e-type=\"container\">\n\t\t\t\t<\/div>\n\t\t<div class=\"elementor-element elementor-element-9aa98d0 e-con-full e-flex e-con e-child\" data-id=\"9aa98d0\" data-element_type=\"container\" data-e-type=\"container\">\n\t\t<div class=\"elementor-element elementor-element-06f8237 e-con-full e-flex e-con e-child\" data-id=\"06f8237\" data-element_type=\"container\" data-e-type=\"container\">\n\t\t\t\t<div class=\"elementor-element elementor-element-355707b elementor-widget elementor-widget-heading\" data-id=\"355707b\" data-element_type=\"widget\" data-e-type=\"widget\" data-widget_type=\"heading.default\">\n\t\t\t\t<div class=\"elementor-widget-container\">\n\t\t\t\t\t<p class=\"elementor-heading-title elementor-size-default\">1.f. Tejido de profesionales creativos interconectados a trav\u00e9s de un nervio \u00f3ptico que los impulsa a crear, dise\u00f1ar y captar visualmente el mundo de manera sensible y atractiva.<\/p>\t\t\t\t<\/div>\n\t\t\t\t<\/div>\n\t\t\t\t<div class=\"elementor-element elementor-element-9fe39c7 elementor-widget__width-initial elementor-widget elementor-widget-heading\" data-id=\"9fe39c7\" data-element_type=\"widget\" data-e-type=\"widget\" data-widget_type=\"heading.default\">\n\t\t\t\t<div class=\"elementor-widget-container\">\n\t\t\t\t\t<p class=\"elementor-heading-title elementor-size-default\"><div style=\"text-align:center\">\n<strong>MAIN NERVES<\/strong><br><span style=\"font-size:30\">\u21e9<\/span>\n<\/div><\/p>\t\t\t\t<\/div>\n\t\t\t\t<\/div>\n\t\t\t\t<\/div>\n\t\t<div class=\"elementor-element elementor-element-2b34078 e-con-full e-flex e-con e-child\" data-id=\"2b34078\" data-element_type=\"container\" data-e-type=\"container\">\n\t\t<div class=\"elementor-element elementor-element-b6a2200 e-con-full e-flex e-con e-child\" data-id=\"b6a2200\" data-element_type=\"container\" data-e-type=\"container\">\n\t\t\t\t<div class=\"elementor-element elementor-element-786de8f elementor-widget elementor-widget-image\" data-id=\"786de8f\" data-element_type=\"widget\" data-e-type=\"widget\" data-widget_type=\"image.default\">\n\t\t\t\t<div class=\"elementor-widget-container\">\n\t\t\t\t\t\t\t\t\t\t\t\t\t\t\t<img fetchpriority=\"high\" decoding=\"async\" width=\"539\" height=\"321\" src=\"https:\/\/retinastudio.art\/wp-content\/uploads\/2024\/11\/Sin-titulo-2-copia-1.png\" class=\"attachment-full size-full wp-image-1948\" alt=\"\" srcset=\"https:\/\/retinastudio.art\/wp-content\/uploads\/2024\/11\/Sin-titulo-2-copia-1.png 539w, https:\/\/retinastudio.art\/wp-content\/uploads\/2024\/11\/Sin-titulo-2-copia-1-300x179.png 300w\" sizes=\"(max-width: 539px) 100vw, 539px\" \/>\t\t\t\t\t\t\t\t\t\t\t\t\t\t\t<\/div>\n\t\t\t\t<\/div>\n\t\t\t\t<\/div>\n\t\t<div class=\"elementor-element elementor-element-a4d3e1e e-con-full e-flex e-con e-child\" data-id=\"a4d3e1e\" data-element_type=\"container\" data-e-type=\"container\">\n\t\t\t\t<div class=\"elementor-element elementor-element-50b2273 elementor-widget elementor-widget-text-editor\" data-id=\"50b2273\" data-element_type=\"widget\" data-e-type=\"widget\" data-widget_type=\"text-editor.default\">\n\t\t\t\t<div class=\"elementor-widget-container\">\n\t\t\t\t\t\t\t\t\t<p><em>team:<\/em><\/p><ol><li>Marc \u00c1vila<br><em>Founder &amp; Creative Director<\/em><\/li><li>Boris Tinoco<br><em>Production Manager &amp; Creative<\/em><\/li><li>Marc Ferrer<br><em>Image Technical Coordinator<\/em><\/li><li>Blanca Barbat<br><em>Art Director &amp; Creative<\/em><\/li><li>Jordi Oliver<br><em>Head of Photography<\/em><\/li><li>Ernest Monter<br><em>Head of Postproduction<\/em><\/li><\/ol>\t\t\t\t\t\t\t\t<\/div>\n\t\t\t\t<\/div>\n\t\t\t\t<\/div>\n\t\t\t\t<\/div>\n\t\t<div class=\"elementor-element elementor-element-14280ee e-con-full e-flex e-con e-child\" data-id=\"14280ee\" data-element_type=\"container\" data-e-type=\"container\">\n\t\t\t\t<div class=\"elementor-element elementor-element-52a8997 elementor-shape-circle e-grid-align-right elementor-grid-0 elementor-widget elementor-widget-social-icons\" data-id=\"52a8997\" data-element_type=\"widget\" data-e-type=\"widget\" data-widget_type=\"social-icons.default\">\n\t\t\t\t<div class=\"elementor-widget-container\">\n\t\t\t\t\t\t\t<div class=\"elementor-social-icons-wrapper elementor-grid\" role=\"list\">\n\t\t\t\t\t\t\t<span class=\"elementor-grid-item\" role=\"listitem\">\n\t\t\t\t\t<a class=\"elementor-icon elementor-social-icon elementor-social-icon-instagram elementor-repeater-item-126d430\" href=\"https:\/\/www.instagram.com\/retinastudio.art\" target=\"_blank\">\n\t\t\t\t\t\t<span class=\"elementor-screen-only\">Instagram<\/span>\n\t\t\t\t\t\t<svg aria-hidden=\"true\" class=\"e-font-icon-svg e-fab-instagram\" viewBox=\"0 0 448 512\" xmlns=\"http:\/\/www.w3.org\/2000\/svg\"><path d=\"M224.1 141c-63.6 0-114.9 51.3-114.9 114.9s51.3 114.9 114.9 114.9S339 319.5 339 255.9 287.7 141 224.1 141zm0 189.6c-41.1 0-74.7-33.5-74.7-74.7s33.5-74.7 74.7-74.7 74.7 33.5 74.7 74.7-33.6 74.7-74.7 74.7zm146.4-194.3c0 14.9-12 26.8-26.8 26.8-14.9 0-26.8-12-26.8-26.8s12-26.8 26.8-26.8 26.8 12 26.8 26.8zm76.1 27.2c-1.7-35.9-9.9-67.7-36.2-93.9-26.2-26.2-58-34.4-93.9-36.2-37-2.1-147.9-2.1-184.9 0-35.8 1.7-67.6 9.9-93.9 36.1s-34.4 58-36.2 93.9c-2.1 37-2.1 147.9 0 184.9 1.7 35.9 9.9 67.7 36.2 93.9s58 34.4 93.9 36.2c37 2.1 147.9 2.1 184.9 0 35.9-1.7 67.7-9.9 93.9-36.2 26.2-26.2 34.4-58 36.2-93.9 2.1-37 2.1-147.8 0-184.8zM398.8 388c-7.8 19.6-22.9 34.7-42.6 42.6-29.5 11.7-99.5 9-132.1 9s-102.7 2.6-132.1-9c-19.6-7.8-34.7-22.9-42.6-42.6-11.7-29.5-9-99.5-9-132.1s-2.6-102.7 9-132.1c7.8-19.6 22.9-34.7 42.6-42.6 29.5-11.7 99.5-9 132.1-9s102.7-2.6 132.1 9c19.6 7.8 34.7 22.9 42.6 42.6 11.7 29.5 9 99.5 9 132.1s2.7 102.7-9 132.1z\"><\/path><\/svg>\t\t\t\t\t<\/a>\n\t\t\t\t<\/span>\n\t\t\t\t\t\t\t<span class=\"elementor-grid-item\" role=\"listitem\">\n\t\t\t\t\t<a class=\"elementor-icon elementor-social-icon elementor-social-icon-envelope elementor-repeater-item-074e2aa\" href=\"mailto:projects@retinastudio.art\" target=\"_blank\">\n\t\t\t\t\t\t<span class=\"elementor-screen-only\">Envelope<\/span>\n\t\t\t\t\t\t<svg aria-hidden=\"true\" class=\"e-font-icon-svg e-fas-envelope\" viewBox=\"0 0 512 512\" xmlns=\"http:\/\/www.w3.org\/2000\/svg\"><path d=\"M502.3 190.8c3.9-3.1 9.7-.2 9.7 4.7V400c0 26.5-21.5 48-48 48H48c-26.5 0-48-21.5-48-48V195.6c0-5 5.7-7.8 9.7-4.7 22.4 17.4 52.1 39.5 154.1 113.6 21.1 15.4 56.7 47.8 92.2 47.6 35.7.3 72-32.8 92.3-47.6 102-74.1 131.6-96.3 154-113.7zM256 320c23.2.4 56.6-29.2 73.4-41.4 132.7-96.3 142.8-104.7 173.4-128.7 5.8-4.5 9.2-11.5 9.2-18.9v-19c0-26.5-21.5-48-48-48H48C21.5 64 0 85.5 0 112v19c0 7.4 3.4 14.3 9.2 18.9 30.6 23.9 40.7 32.4 173.4 128.7 16.8 12.2 50.2 41.8 73.4 41.4z\"><\/path><\/svg>\t\t\t\t\t<\/a>\n\t\t\t\t<\/span>\n\t\t\t\t\t<\/div>\n\t\t\t\t\t\t<\/div>\n\t\t\t\t<\/div>\n\t\t\t\t<\/div>\n\t\t\t\t<\/div>\n\t\t\t\t<\/div>\n\t\t<div class=\"elementor-element elementor-element-f6f4ea5 e-flex e-con-boxed e-con e-parent\" data-id=\"f6f4ea5\" data-element_type=\"container\" data-e-type=\"container\">\n\t\t\t\t\t<div class=\"e-con-inner\">\n\t\t\t\t<div class=\"elementor-element elementor-element-dfcae31 elementor-widget elementor-widget-html\" data-id=\"dfcae31\" data-element_type=\"widget\" data-e-type=\"widget\" data-widget_type=\"html.default\">\n\t\t\t\t<div class=\"elementor-widget-container\">\n\t\t\t\t\t<style>\n    \/* Estilos para el video *\/\n    #intro-video {\n        position: fixed;\n        top: 0;\n        left: 0;\n        width: 100%;\n        height: 100%;\n        z-index: 9999;\n        background: black;\n    }\n<\/style>\n\n<video id=\"intro-video\" autoplay=\"\" muted=\"\" playsinline=\"\">\n    <source src=\"https:\/\/retinastudio.art\/wp-content\/uploads\/2024\/07\/studio.mp4\" type=\"video\/mp4\">\n Tu navegador no soporta la reproducci\u00f3n de video.\n<\/source><\/video>\n\n<script>\n    try {\n        const video2 = document.getElementById(\"intro-video\");\n\n        \/\/ Agregar mensajes de depuraci\u00f3n\n        video2.addEventListener('play', () => {\n            console.log(\"El video ha comenzado a reproducirse\");\n        });\n\n        video2.addEventListener('timeupdate', () => {\n            console.log(`Tiempo actual del video: ${video2.currentTime}`);\n        });\n\n        \/\/ Asegurarse de que el video desaparezca al finalizar\n        video2.addEventListener('ended', () => {\n            console.log(\"El video ha terminado\");\n            video2.style.display = \"none\";\n        });\n\n        \/\/ Garantizar que se inicie en navegadores con restricciones (como Safari)\n        document.addEventListener('click', () => {\n            video2.play().catch(error => {\n                console.error(\"La reproducci\u00f3n autom\u00e1tica fue bloqueada por el navegador.\", error);\n            });\n        }, { once: true });\n    } catch (error) {\n        console.error(\"Error en el script:\", error);\n    }\n<\/script>\n\t\t\t\t<\/div>\n\t\t\t\t<\/div>\n\t\t\t\t\t<\/div>\n\t\t\t\t<\/div>\n\t\t<div class=\"elementor-element elementor-element-1dd7eff e-flex e-con-boxed e-con e-parent\" data-id=\"1dd7eff\" data-element_type=\"container\" data-e-type=\"container\">\n\t\t\t\t\t<div class=\"e-con-inner\">\n\t\t\t\t<div class=\"elementor-element elementor-element-bc7747e elementor-widget elementor-widget-image\" data-id=\"bc7747e\" data-element_type=\"widget\" data-e-type=\"widget\" data-widget_type=\"image.default\">\n\t\t\t\t<div class=\"elementor-widget-container\">\n\t\t\t\t\t\t\t\t\t\t\t\t\t\t\t<img decoding=\"async\" width=\"800\" height=\"74\" src=\"https:\/\/retinastudio.art\/wp-content\/uploads\/2025\/06\/CONBANDERA_KITDIGITAL-1-1024x95.png.webp\" class=\"attachment-large size-large wp-image-2538\" alt=\"\" srcset=\"https:\/\/retinastudio.art\/wp-content\/uploads\/2025\/06\/CONBANDERA_KITDIGITAL-1-1024x95.png.webp 1024w, https:\/\/retinastudio.art\/wp-content\/uploads\/2025\/06\/CONBANDERA_KITDIGITAL-1-1024x95.png-300x28.webp 300w, https:\/\/retinastudio.art\/wp-content\/uploads\/2025\/06\/CONBANDERA_KITDIGITAL-1-1024x95.png-768x71.webp 768w\" sizes=\"(max-width: 800px) 100vw, 800px\" \/>\t\t\t\t\t\t\t\t\t\t\t\t\t\t\t<\/div>\n\t\t\t\t<\/div>\n\t\t\t\t\t<\/div>\n\t\t\t\t<\/div>\n\t\t\t\t<\/div>\n\t\t","protected":false},"excerpt":{"rendered":"<p>1.f. Tejido de profesionales creativos interconectados a trav\u00e9s de un nervio \u00f3ptico que los impulsa a crear, dise\u00f1ar y captar visualmente el mundo de manera sensible y atractiva. MAIN NERVES\u21e9 team: Marc \u00c1vilaFounder &amp; Creative Director Boris TinocoProduction Manager &amp; Creative Marc FerrerImage Technical Coordinator Blanca BarbatArt Director &amp; Creative Jordi OliverHead of Photography Ernest [&hellip;]<\/p>\n","protected":false},"author":1,"featured_media":0,"parent":0,"menu_order":0,"comment_status":"closed","ping_status":"closed","template":"","meta":{"_acf_changed":false,"footnotes":""},"class_list":["post-2387","page","type-page","status-publish","hentry"],"acf":[],"_links":{"self":[{"href":"https:\/\/retinastudio.art\/es\/wp-json\/wp\/v2\/pages\/2387","targetHints":{"allow":["GET"]}}],"collection":[{"href":"https:\/\/retinastudio.art\/es\/wp-json\/wp\/v2\/pages"}],"about":[{"href":"https:\/\/retinastudio.art\/es\/wp-json\/wp\/v2\/types\/page"}],"author":[{"embeddable":true,"href":"https:\/\/retinastudio.art\/es\/wp-json\/wp\/v2\/users\/1"}],"replies":[{"embeddable":true,"href":"https:\/\/retinastudio.art\/es\/wp-json\/wp\/v2\/comments?post=2387"}],"version-history":[{"count":11,"href":"https:\/\/retinastudio.art\/es\/wp-json\/wp\/v2\/pages\/2387\/revisions"}],"predecessor-version":[{"id":2546,"href":"https:\/\/retinastudio.art\/es\/wp-json\/wp\/v2\/pages\/2387\/revisions\/2546"}],"wp:attachment":[{"href":"https:\/\/retinastudio.art\/es\/wp-json\/wp\/v2\/media?parent=2387"}],"curies":[{"name":"wp","href":"https:\/\/api.w.org\/{rel}","templated":true}]}}